{"id":9,"date":"2026-01-12T05:50:12","date_gmt":"2026-01-12T05:50:12","guid":{"rendered":"https:\/\/karyno.ro\/?page_id=9"},"modified":"2026-03-02T16:17:32","modified_gmt":"2026-03-02T16:17:32","slug":"draperii-perdele-valcea","status":"publish","type":"page","link":"https:\/\/karyno.ro\/","title":{"rendered":"Draperii \u0219i Perdele la Comand\u0103 R\u00e2mnicu V\u00e2lcea"},"content":{"rendered":"\n\n\n<h2 class=\"wp-block-heading has-luminous-vivid-amber-color has-text-color has-link-color wp-elements-75836d11e475c5d4c94863bd3857d603\"><strong>Draperii \u0219i Perdele la Comand\u0103 R\u00e2mnicu V\u00e2lcea<\/strong><\/h2>\n\n\n\n<h2 class=\"wp-block-heading has-luminous-vivid-amber-color has-text-color has-link-color wp-elements-753a2a6b48e84522a522897a65df9493\"><strong>\ud83d\udccd <\/strong>Consultan\u021b\u0103 la domiciliu \u2022 M\u0103sur\u0103tori precise \u2022 Croitorie fin\u0103 \u2022 Montaj profesional | \u260e\ufe0f Contact<strong>: <\/strong>+40770711022<\/h2>\n\n\n","protected":false},"excerpt":{"rendered":"<p>Draperii \u0219i Perdele la Comand\u0103 R\u00e2mnicu V\u00e2lcea \ud83d\udccd Consultan\u021b\u0103 la domiciliu \u2022 M\u0103sur\u0103tori precise \u2022 Croitorie fin\u0103 \u2022 Montaj profesional [&hellip;]<\/p>\n","protected":false},"author":1,"featured_media":281,"parent":0,"menu_order":0,"comment_status":"closed","ping_status":"closed","template":"","meta":{"site-sidebar-layout":"default","site-content-layout":"","ast-site-content-layout":"default","site-content-style":"default","site-sidebar-style":"default","ast-global-header-display":"","ast-banner-title-visibility":"","ast-main-header-display":"","ast-hfb-above-header-display":"","ast-hfb-below-header-display":"","ast-hfb-mobile-header-display":"","site-post-title":"","ast-breadcrumbs-content":"","ast-featured-img":"","footer-sml-layout":"","ast-disable-related-posts":"","theme-transparent-header-meta":"","adv-header-id-meta":"","stick-header-meta":"","header-above-stick-meta":"","header-main-stick-meta":"","header-below-stick-meta":"","astra-migrate-meta-layouts":"default","ast-page-background-enabled":"default","ast-page-background-meta":{"desktop":{"background-color":"var(--ast-global-color-5)","background-image":"","background-repeat":"repeat","background-position":"center center","background-size":"auto","background-attachment":"scroll","background-type":"","background-media":"","overlay-type":"","overlay-color":"","overlay-opacity":"","overlay-gradient":""},"tablet":{"background-color":"","background-image":"","background-repeat":"repeat","background-position":"center center","background-size":"auto","background-attachment":"scroll","background-type":"","background-media":"","overlay-type":"","overlay-color":"","overlay-opacity":"","overlay-gradient":""},"mobile":{"background-color":"","background-image":"","background-repeat":"repeat","background-position":"center center","background-size":"auto","background-attachment":"scroll","background-type":"","background-media":"","overlay-type":"","overlay-color":"","overlay-opacity":"","overlay-gradient":""}},"ast-content-background-meta":{"desktop":{"background-color":"var(--ast-global-color-4)","background-image":"","background-repeat":"repeat","background-position":"center center","background-size":"auto","background-attachment":"scroll","background-type":"","background-media":"","overlay-type":"","overlay-color":"","overlay-opacity":"","overlay-gradient":""},"tablet":{"background-color":"var(--ast-global-color-4)","background-image":"","background-repeat":"repeat","background-position":"center center","background-size":"auto","background-attachment":"scroll","background-type":"","background-media":"","overlay-type":"","overlay-color":"","overlay-opacity":"","overlay-gradient":""},"mobile":{"background-color":"var(--ast-global-color-4)","background-image":"","background-repeat":"repeat","background-position":"center center","background-size":"auto","background-attachment":"scroll","background-type":"","background-media":"","overlay-type":"","overlay-color":"","overlay-opacity":"","overlay-gradient":""}},"footnotes":""},"class_list":["post-9","page","type-page","status-publish","has-post-thumbnail","hentry"],"jetpack_sharing_enabled":true,"_links":{"self":[{"href":"https:\/\/karyno.ro\/index.php\/wp-json\/wp\/v2\/pages\/9","targetHints":{"allow":["GET"]}}],"collection":[{"href":"https:\/\/karyno.ro\/index.php\/wp-json\/wp\/v2\/pages"}],"about":[{"href":"https:\/\/karyno.ro\/index.php\/wp-json\/wp\/v2\/types\/page"}],"author":[{"embeddable":true,"href":"https:\/\/karyno.ro\/index.php\/wp-json\/wp\/v2\/users\/1"}],"replies":[{"embeddable":true,"href":"https:\/\/karyno.ro\/index.php\/wp-json\/wp\/v2\/comments?post=9"}],"version-history":[{"count":28,"href":"https:\/\/karyno.ro\/index.php\/wp-json\/wp\/v2\/pages\/9\/revisions"}],"predecessor-version":[{"id":421,"href":"https:\/\/karyno.ro\/index.php\/wp-json\/wp\/v2\/pages\/9\/revisions\/421"}],"wp:featuredmedia":[{"embeddable":true,"href":"https:\/\/karyno.ro\/index.php\/wp-json\/wp\/v2\/media\/281"}],"wp:attachment":[{"href":"https:\/\/karyno.ro\/index.php\/wp-json\/wp\/v2\/media?parent=9"}],"curies":[{"name":"wp","href":"https:\/\/api.w.org\/{rel}","templated":true}]}}