{"id":316,"date":"2026-02-14T19:14:23","date_gmt":"2026-02-14T19:14:23","guid":{"rendered":"https:\/\/karyno.ro\/?page_id=316"},"modified":"2026-02-14T22:18:06","modified_gmt":"2026-02-14T22:18:06","slug":"servicii","status":"publish","type":"page","link":"https:\/\/karyno.ro\/index.php\/servicii\/","title":{"rendered":"Servicii"},"content":{"rendered":"\n<h1 class=\"wp-block-heading\">Servicii Premium de Decorare \u0219i Umbrire<\/h1>\n\n\n\n<p>La <strong>Karyno Home Decor<\/strong>, transform\u0103m ferestrele \u00een piese de rezisten\u021b\u0103 ale designului interior.  Cu o experien\u021b\u0103 de peste 35 de ani, \u00eembin\u0103m m\u0103iestria croitoriei fine cu cele mai avansate sisteme de automatizare, oferind solu\u021bii personalizate pentru orice tip de spa\u021biu.<\/p>\n\n\n\n<h3 class=\"wp-block-heading\">\ud83c\udf1f <strong>Ce oferim:<\/strong><\/h3>\n\n\n\n<ul class=\"wp-block-list\">\n<li><strong>Sisteme de Umbrire Moderne:<\/strong> Jaluzele verticale, romane, aluminiu, bambus, lemn,  rolete (simple sau zebra), plisse \u0219i panouri japoneze.<\/li>\n\n\n\n<li><strong>Sisteme de Prindere Profesionale:<\/strong> \u0218ine \u0219i galerii rezistente, adaptate oric\u0103rui tip de fereastr\u0103.<\/li>\n\n\n\n<li><strong>Automatiz\u0103ri \u0219i Motoriz\u0103ri:<\/strong> Control total prin telecomand\u0103 sau aplica\u021bie pentru un confort absolut (Smart Home).<\/li>\n\n\n\n<li><strong>Consultan\u021b\u0103 \u0219i M\u0103sur\u0103tori:<\/strong> Venim la domiciliul t\u0103u pentru a alege \u00eempreun\u0103 cele mai bune materiale \u0219i dimensiuni.<\/li>\n\n\n\n<li><strong>Montaj de Specialitate:<\/strong> Echipa noastr\u0103 asigur\u0103 instalarea perfect\u0103, f\u0103r\u0103 b\u0103t\u0103i de cap pentru tine.<\/li>\n<\/ul>\n","protected":false},"excerpt":{"rendered":"<p>Servicii Premium de Decorare \u0219i Umbrire La Karyno Home Decor, transform\u0103m ferestrele \u00een piese de rezisten\u021b\u0103 ale designului interior. Cu [&hellip;]<\/p>\n","protected":false},"author":1,"featured_media":0,"parent":0,"menu_order":0,"comment_status":"closed","ping_status":"closed","template":"","meta":{"site-sidebar-layout":"default","site-content-layout":"","ast-site-content-layout":"default","site-content-style":"default","site-sidebar-style":"default","ast-global-header-display":"","ast-banner-title-visibility":"","ast-main-header-display":"","ast-hfb-above-header-display":"","ast-hfb-below-header-display":"","ast-hfb-mobile-header-display":"","site-post-title":"disabled","ast-breadcrumbs-content":"","ast-featured-img":"","footer-sml-layout":"","ast-disable-related-posts":"","theme-transparent-header-meta":"","adv-header-id-meta":"","stick-header-meta":"","header-above-stick-meta":"","header-main-stick-meta":"","header-below-stick-meta":"","astra-migrate-meta-layouts":"default","ast-page-background-enabled":"default","ast-page-background-meta":{"desktop":{"background-color":"var(--ast-global-color-5)","background-image":"","background-repeat":"repeat","background-position":"center center","background-size":"auto","background-attachment":"scroll","background-type":"","background-media":"","overlay-type":"","overlay-color":"","overlay-opacity":"","overlay-gradient":""},"tablet":{"background-color":"","background-image":"","background-repeat":"repeat","background-position":"center center","background-size":"auto","background-attachment":"scroll","background-type":"","background-media":"","overlay-type":"","overlay-color":"","overlay-opacity":"","overlay-gradient":""},"mobile":{"background-color":"","background-image":"","background-repeat":"repeat","background-position":"center center","background-size":"auto","background-attachment":"scroll","background-type":"","background-media":"","overlay-type":"","overlay-color":"","overlay-opacity":"","overlay-gradient":""}},"ast-content-background-meta":{"desktop":{"background-color":"var(--ast-global-color-4)","background-image":"","background-repeat":"repeat","background-position":"center center","background-size":"auto","background-attachment":"scroll","background-type":"","background-media":"","overlay-type":"","overlay-color":"","overlay-opacity":"","overlay-gradient":""},"tablet":{"background-color":"var(--ast-global-color-4)","background-image":"","background-repeat":"repeat","background-position":"center center","background-size":"auto","background-attachment":"scroll","background-type":"","background-media":"","overlay-type":"","overlay-color":"","overlay-opacity":"","overlay-gradient":""},"mobile":{"background-color":"var(--ast-global-color-4)","background-image":"","background-repeat":"repeat","background-position":"center center","background-size":"auto","background-attachment":"scroll","background-type":"","background-media":"","overlay-type":"","overlay-color":"","overlay-opacity":"","overlay-gradient":""}},"footnotes":""},"class_list":["post-316","page","type-page","status-publish","hentry"],"jetpack_sharing_enabled":true,"_links":{"self":[{"href":"https:\/\/karyno.ro\/index.php\/wp-json\/wp\/v2\/pages\/316","targetHints":{"allow":["GET"]}}],"collection":[{"href":"https:\/\/karyno.ro\/index.php\/wp-json\/wp\/v2\/pages"}],"about":[{"href":"https:\/\/karyno.ro\/index.php\/wp-json\/wp\/v2\/types\/page"}],"author":[{"embeddable":true,"href":"https:\/\/karyno.ro\/index.php\/wp-json\/wp\/v2\/users\/1"}],"replies":[{"embeddable":true,"href":"https:\/\/karyno.ro\/index.php\/wp-json\/wp\/v2\/comments?post=316"}],"version-history":[{"count":3,"href":"https:\/\/karyno.ro\/index.php\/wp-json\/wp\/v2\/pages\/316\/revisions"}],"predecessor-version":[{"id":321,"href":"https:\/\/karyno.ro\/index.php\/wp-json\/wp\/v2\/pages\/316\/revisions\/321"}],"wp:attachment":[{"href":"https:\/\/karyno.ro\/index.php\/wp-json\/wp\/v2\/media?parent=316"}],"curies":[{"name":"wp","href":"https:\/\/api.w.org\/{rel}","templated":true}]}}