{"id":299,"date":"2026-02-14T18:14:59","date_gmt":"2026-02-14T18:14:59","guid":{"rendered":"https:\/\/karyno.ro\/?page_id=299"},"modified":"2026-02-14T19:12:09","modified_gmt":"2026-02-14T19:12:09","slug":"contact","status":"publish","type":"page","link":"https:\/\/karyno.ro\/index.php\/contact\/","title":{"rendered":"Contact"},"content":{"rendered":"\n<p><strong>Echipa Karyno Home Decor este gata s\u0103 \u00ee\u021bi transforme casa!<\/strong><\/p>\n\n\n\n<p>Ne g\u0103se\u0219ti \u00een R\u00e2mnicu V\u00e2lcea, dar venim direct la tine acas\u0103 pentru m\u0103sur\u0103tori \u0219i consultan\u021b\u0103 gratuit\u0103.<\/p>\n\n\n\n<p>\ud83d\udccd <strong>Adresa noastr\u0103:<\/strong>  Strada Emil Avramescu, nr. 9, Bloc E, Scara B, Parter R\u00e2mnicu V\u00e2lcea, Cod po\u0219tal 240135, Jud. V\u00e2lcea <\/p>\n\n\n\n<p>\ud83d\udea9 <strong>Punct de reper:<\/strong> Ne g\u0103si\u021bi chiar \u00een <strong>Pia\u021ba Central\u0103<\/strong> \u2014 loca\u021bie accesibil\u0103 \u0219i u\u0219or de identificat.<\/p>\n\n\n\n<p><mark style=\"background-color:rgba(0, 0, 0, 0);color:#cf2e2e\" class=\"has-inline-color\">\ud83d\udcde<\/mark> <strong>Telefon:<\/strong> +40770711022<\/p>\n\n\n\n<p>\u2709\ufe0f <strong>E-mail:<\/strong> contact@karyno.ro<\/p>\n\n\n\n<p>\u23f0 <strong>Program de lucru:<\/strong> <\/p>\n\n\n\n<p> Luni \u2013 Vineri: 09:00 \u2013 18:00 <\/p>\n\n\n\n<p> S\u00e2mb\u0103t\u0103: 09:00 \u2013 13:00<\/p>\n\n\n\n<p><strong>Karyno Home Decor \u2014 Transform\u0103m ferestrele \u00een tablouri, de peste 35 de ani!<\/strong><\/p>\n\n\n\n<p><\/p>\n","protected":false},"excerpt":{"rendered":"<p>Echipa Karyno Home Decor este gata s\u0103 \u00ee\u021bi transforme casa! Ne g\u0103se\u0219ti \u00een R\u00e2mnicu V\u00e2lcea, dar venim direct la tine [&hellip;]<\/p>\n","protected":false},"author":1,"featured_media":0,"parent":0,"menu_order":0,"comment_status":"closed","ping_status":"closed","template":"","meta":{"site-sidebar-layout":"default","site-content-layout":"","ast-site-content-layout":"default","site-content-style":"default","site-sidebar-style":"default","ast-global-header-display":"","ast-banner-title-visibility":"","ast-main-header-display":"","ast-hfb-above-header-display":"","ast-hfb-below-header-display":"","ast-hfb-mobile-header-display":"","site-post-title":"disabled","ast-breadcrumbs-content":"","ast-featured-img":"","footer-sml-layout":"","ast-disable-related-posts":"","theme-transparent-header-meta":"","adv-header-id-meta":"","stick-header-meta":"","header-above-stick-meta":"","header-main-stick-meta":"","header-below-stick-meta":"","astra-migrate-meta-layouts":"default","ast-page-background-enabled":"default","ast-page-background-meta":{"desktop":{"background-color":"var(--ast-global-color-5)","background-image":"","background-repeat":"repeat","background-position":"center center","background-size":"auto","background-attachment":"scroll","background-type":"","background-media":"","overlay-type":"","overlay-color":"","overlay-opacity":"","overlay-gradient":""},"tablet":{"background-color":"","background-image":"","background-repeat":"repeat","background-position":"center center","background-size":"auto","background-attachment":"scroll","background-type":"","background-media":"","overlay-type":"","overlay-color":"","overlay-opacity":"","overlay-gradient":""},"mobile":{"background-color":"","background-image":"","background-repeat":"repeat","background-position":"center center","background-size":"auto","background-attachment":"scroll","background-type":"","background-media":"","overlay-type":"","overlay-color":"","overlay-opacity":"","overlay-gradient":""}},"ast-content-background-meta":{"desktop":{"background-color":"var(--ast-global-color-4)","background-image":"","background-repeat":"repeat","background-position":"center center","background-size":"auto","background-attachment":"scroll","background-type":"","background-media":"","overlay-type":"","overlay-color":"","overlay-opacity":"","overlay-gradient":""},"tablet":{"background-color":"var(--ast-global-color-4)","background-image":"","background-repeat":"repeat","background-position":"center center","background-size":"auto","background-attachment":"scroll","background-type":"","background-media":"","overlay-type":"","overlay-color":"","overlay-opacity":"","overlay-gradient":""},"mobile":{"background-color":"var(--ast-global-color-4)","background-image":"","background-repeat":"repeat","background-position":"center center","background-size":"auto","background-attachment":"scroll","background-type":"","background-media":"","overlay-type":"","overlay-color":"","overlay-opacity":"","overlay-gradient":""}},"footnotes":""},"class_list":["post-299","page","type-page","status-publish","hentry"],"jetpack_sharing_enabled":true,"_links":{"self":[{"href":"https:\/\/karyno.ro\/index.php\/wp-json\/wp\/v2\/pages\/299","targetHints":{"allow":["GET"]}}],"collection":[{"href":"https:\/\/karyno.ro\/index.php\/wp-json\/wp\/v2\/pages"}],"about":[{"href":"https:\/\/karyno.ro\/index.php\/wp-json\/wp\/v2\/types\/page"}],"author":[{"embeddable":true,"href":"https:\/\/karyno.ro\/index.php\/wp-json\/wp\/v2\/users\/1"}],"replies":[{"embeddable":true,"href":"https:\/\/karyno.ro\/index.php\/wp-json\/wp\/v2\/comments?post=299"}],"version-history":[{"count":2,"href":"https:\/\/karyno.ro\/index.php\/wp-json\/wp\/v2\/pages\/299\/revisions"}],"predecessor-version":[{"id":315,"href":"https:\/\/karyno.ro\/index.php\/wp-json\/wp\/v2\/pages\/299\/revisions\/315"}],"wp:attachment":[{"href":"https:\/\/karyno.ro\/index.php\/wp-json\/wp\/v2\/media?parent=299"}],"curies":[{"name":"wp","href":"https:\/\/api.w.org\/{rel}","templated":true}]}}