{"id":290,"date":"2026-02-14T17:20:12","date_gmt":"2026-02-14T17:20:12","guid":{"rendered":"https:\/\/karyno.ro\/?page_id=290"},"modified":"2026-02-14T17:51:46","modified_gmt":"2026-02-14T17:51:46","slug":"despre-noi","status":"publish","type":"page","link":"https:\/\/karyno.ro\/index.php\/despre-noi\/","title":{"rendered":"Despre noi"},"content":{"rendered":"\n<p><strong>Peste trei decenii de rafinament \u0219i tradi\u021bie \u00een decorul casei tale<\/strong><\/p>\n\n\n\n<p>Povestea noastr\u0103 a \u00eenceput \u00een <strong>14 iunie 1991<\/strong>, sub numele de SC Karino Impex SRL. Totul a pornit din dorin\u021ba de a aduce confort \u0219i culoare \u00een casele rom\u00e2nilor, \u00eencep\u00e2nd cu v\u00e2nzarea de covoare.<\/p>\n\n\n\n<p>\u00cen cei <strong>35 de ani de existen\u021b\u0103<\/strong> pe care \u00eei s\u0103rb\u0103torim anul acesta, ne-am transformat \u0219i ne-am extins continuu portofoliul, devenind speciali\u0219ti \u00een solu\u021bii complete pentru ferestre \u0219i decor interior. De la perdele \u0219i draperii fine, p\u00e2n\u0103 la sisteme complexe de umbrire (jaluzele romane, plisse, panouri japoneze) \u0219i solu\u021bii pentru ferestre atipice, am evoluat constant pentru a r\u0103spunde celor mai exigente cerin\u021be.<\/p>\n\n\n\n<p>Ast\u0103zi, <strong>Karyno Home Decor<\/strong> nu ofer\u0103 doar produse, ci tehnologie \u0219i confort prin sisteme complet automatizate \u0219i motorizate. R\u0103m\u00e2nem fideli valorilor noastre: consultan\u021b\u0103 dedicat\u0103, m\u0103sur\u0103tori precise \u0219i un montaj profesional care s\u0103 onoreze \u00eencrederea pe care ne-o acorda\u021bi de 35 de ani.<\/p>\n\n\n\n<p><\/p>\n\n\n\n<p><\/p>\n","protected":false},"excerpt":{"rendered":"<p>Peste trei decenii de rafinament \u0219i tradi\u021bie \u00een decorul casei tale Povestea noastr\u0103 a \u00eenceput \u00een 14 iunie 1991, sub [&hellip;]<\/p>\n","protected":false},"author":1,"featured_media":0,"parent":0,"menu_order":0,"comment_status":"closed","ping_status":"closed","template":"","meta":{"site-sidebar-layout":"default","site-content-layout":"","ast-site-content-layout":"default","site-content-style":"default","site-sidebar-style":"default","ast-global-header-display":"","ast-banner-title-visibility":"","ast-main-header-display":"","ast-hfb-above-header-display":"","ast-hfb-below-header-display":"","ast-hfb-mobile-header-display":"","site-post-title":"disabled","ast-breadcrumbs-content":"","ast-featured-img":"","footer-sml-layout":"","ast-disable-related-posts":"","theme-transparent-header-meta":"","adv-header-id-meta":"","stick-header-meta":"","header-above-stick-meta":"","header-main-stick-meta":"","header-below-stick-meta":"","astra-migrate-meta-layouts":"default","ast-page-background-enabled":"default","ast-page-background-meta":{"desktop":{"background-color":"var(--ast-global-color-5)","background-image":"","background-repeat":"repeat","background-position":"center center","background-size":"auto","background-attachment":"scroll","background-type":"","background-media":"","overlay-type":"","overlay-color":"","overlay-opacity":"","overlay-gradient":""},"tablet":{"background-color":"","background-image":"","background-repeat":"repeat","background-position":"center center","background-size":"auto","background-attachment":"scroll","background-type":"","background-media":"","overlay-type":"","overlay-color":"","overlay-opacity":"","overlay-gradient":""},"mobile":{"background-color":"","background-image":"","background-repeat":"repeat","background-position":"center center","background-size":"auto","background-attachment":"scroll","background-type":"","background-media":"","overlay-type":"","overlay-color":"","overlay-opacity":"","overlay-gradient":""}},"ast-content-background-meta":{"desktop":{"background-color":"var(--ast-global-color-4)","background-image":"","background-repeat":"repeat","background-position":"center center","background-size":"auto","background-attachment":"scroll","background-type":"","background-media":"","overlay-type":"","overlay-color":"","overlay-opacity":"","overlay-gradient":""},"tablet":{"background-color":"var(--ast-global-color-4)","background-image":"","background-repeat":"repeat","background-position":"center center","background-size":"auto","background-attachment":"scroll","background-type":"","background-media":"","overlay-type":"","overlay-color":"","overlay-opacity":"","overlay-gradient":""},"mobile":{"background-color":"var(--ast-global-color-4)","background-image":"","background-repeat":"repeat","background-position":"center center","background-size":"auto","background-attachment":"scroll","background-type":"","background-media":"","overlay-type":"","overlay-color":"","overlay-opacity":"","overlay-gradient":""}},"footnotes":""},"class_list":["post-290","page","type-page","status-publish","hentry"],"jetpack_sharing_enabled":true,"_links":{"self":[{"href":"https:\/\/karyno.ro\/index.php\/wp-json\/wp\/v2\/pages\/290","targetHints":{"allow":["GET"]}}],"collection":[{"href":"https:\/\/karyno.ro\/index.php\/wp-json\/wp\/v2\/pages"}],"about":[{"href":"https:\/\/karyno.ro\/index.php\/wp-json\/wp\/v2\/types\/page"}],"author":[{"embeddable":true,"href":"https:\/\/karyno.ro\/index.php\/wp-json\/wp\/v2\/users\/1"}],"replies":[{"embeddable":true,"href":"https:\/\/karyno.ro\/index.php\/wp-json\/wp\/v2\/comments?post=290"}],"version-history":[{"count":6,"href":"https:\/\/karyno.ro\/index.php\/wp-json\/wp\/v2\/pages\/290\/revisions"}],"predecessor-version":[{"id":298,"href":"https:\/\/karyno.ro\/index.php\/wp-json\/wp\/v2\/pages\/290\/revisions\/298"}],"wp:attachment":[{"href":"https:\/\/karyno.ro\/index.php\/wp-json\/wp\/v2\/media?parent=290"}],"curies":[{"name":"wp","href":"https:\/\/api.w.org\/{rel}","templated":true}]}}