{"id":159,"date":"2026-01-29T13:09:43","date_gmt":"2026-01-29T13:09:43","guid":{"rendered":"https:\/\/karyno.ro\/?page_id=159"},"modified":"2026-01-29T13:09:43","modified_gmt":"2026-01-29T13:09:43","slug":"termeni-si-conditii","status":"publish","type":"page","link":"https:\/\/karyno.ro\/index.php\/termeni-si-conditii\/","title":{"rendered":"Termeni \u0219i Condi\u021bii"},"content":{"rendered":"\n<p>Website-ul\u00a0<a href=\"http:\/\/www.mariahomedesign.com\/\">http:\/\/www.karyno.ro<\/a>\u00a0se angajeaz\u0103 s\u0103 p\u0103streze confiden\u021bialitatea datelor dvs. conform Legii nr. 677 din 21 noiembrie 2001 pentru \u201cprotec\u021bia persoanelor cu privire la prelucrarea datelor cu caracter personal \u0219i libera circula\u021bie a acestor date\u201d \u0219i \u201eLegea nr. 506 din 17 noiembrie 2004 privind prelucrarea datelor cu caracter personal \u0219i protec\u021bia vie\u021bii private \u00een sectorul comunica\u021biilor electronice\u201d precum \u0219i conform legii EU 2016\/679 (numit\u0103 \u0219i \u201cGDPR\u201d).<\/p>\n\n\n\n<p>Datele nu vor fi transmise c\u0103tre ter\u021be persoane \u0219i nu vor fi folosite \u00een alte scopuri dec\u00e2t cele necesare pentru efectuarea comenzilor si transmiterea diverselor oferte ale site-ului karyno.ro<\/p>\n\n\n\n<p>Scopul colect\u0103rii datelor este de a confirma comenzile. Conform Legii nr. 677\/2001, beneficia\u021bi de dreptul de acces, de interven\u021bie asupra datelor, dreptul de a nu fi supus unei decizii individuale \u0219i dreptul de a v\u0103 adresa justi\u021biei.<\/p>\n\n\n\n<p>Totodat\u0103, ave\u021bi dreptul s\u0103 v\u0103 opune\u021bi prelucr\u0103rii datelor personale care v\u0103 privesc \u0219i s\u0103 solicita\u021bi \u0219tergerea datelor.&nbsp;<\/p>\n\n\n\n<p>Pentru exercitarea acestor drepturi, v\u0103 pute\u021bi adresa cu o cerere scris\u0103, datat\u0103 \u0219i semnat\u0103, c\u0103tre SC KARINO IMPEX SRL sau prin e-mail la adresa contact@karyno.ro.<br>V\u0103 rug\u0103m s\u0103 ne informa\u021bi dac\u0103 datele dvs. sunt incorecte sau dac\u0103 s-au schimbat.<br>Pentru a comanda online trebuie s\u0103 ave\u021bi domiciliul \u00een Romania sau \u00een Spa\u021biul Economic European \u0219i v\u00e2rsta peste 18 ani.<\/p>\n","protected":false},"excerpt":{"rendered":"<p>Website-ul\u00a0http:\/\/www.karyno.ro\u00a0se angajeaz\u0103 s\u0103 p\u0103streze confiden\u021bialitatea datelor dvs. conform Legii nr. 677 din 21 noiembrie 2001 pentru \u201cprotec\u021bia persoanelor cu privire [&hellip;]<\/p>\n","protected":false},"author":1,"featured_media":0,"parent":0,"menu_order":0,"comment_status":"closed","ping_status":"closed","template":"","meta":{"site-sidebar-layout":"default","site-content-layout":"","ast-site-content-layout":"default","site-content-style":"default","site-sidebar-style":"default","ast-global-header-display":"","ast-banner-title-visibility":"","ast-main-header-display":"","ast-hfb-above-header-display":"","ast-hfb-below-header-display":"","ast-hfb-mobile-header-display":"","site-post-title":"","ast-breadcrumbs-content":"","ast-featured-img":"","footer-sml-layout":"","ast-disable-related-posts":"","theme-transparent-header-meta":"","adv-header-id-meta":"","stick-header-meta":"","header-above-stick-meta":"","header-main-stick-meta":"","header-below-stick-meta":"","astra-migrate-meta-layouts":"default","ast-page-background-enabled":"default","ast-page-background-meta":{"desktop":{"background-color":"var(--ast-global-color-5)","background-image":"","background-repeat":"repeat","background-position":"center center","background-size":"auto","background-attachment":"scroll","background-type":"","background-media":"","overlay-type":"","overlay-color":"","overlay-opacity":"","overlay-gradient":""},"tablet":{"background-color":"","background-image":"","background-repeat":"repeat","background-position":"center center","background-size":"auto","background-attachment":"scroll","background-type":"","background-media":"","overlay-type":"","overlay-color":"","overlay-opacity":"","overlay-gradient":""},"mobile":{"background-color":"","background-image":"","background-repeat":"repeat","background-position":"center center","background-size":"auto","background-attachment":"scroll","background-type":"","background-media":"","overlay-type":"","overlay-color":"","overlay-opacity":"","overlay-gradient":""}},"ast-content-background-meta":{"desktop":{"background-color":"var(--ast-global-color-4)","background-image":"","background-repeat":"repeat","background-position":"center center","background-size":"auto","background-attachment":"scroll","background-type":"","background-media":"","overlay-type":"","overlay-color":"","overlay-opacity":"","overlay-gradient":""},"tablet":{"background-color":"var(--ast-global-color-4)","background-image":"","background-repeat":"repeat","background-position":"center center","background-size":"auto","background-attachment":"scroll","background-type":"","background-media":"","overlay-type":"","overlay-color":"","overlay-opacity":"","overlay-gradient":""},"mobile":{"background-color":"var(--ast-global-color-4)","background-image":"","background-repeat":"repeat","background-position":"center center","background-size":"auto","background-attachment":"scroll","background-type":"","background-media":"","overlay-type":"","overlay-color":"","overlay-opacity":"","overlay-gradient":""}},"footnotes":""},"class_list":["post-159","page","type-page","status-publish","hentry"],"jetpack_sharing_enabled":true,"_links":{"self":[{"href":"https:\/\/karyno.ro\/index.php\/wp-json\/wp\/v2\/pages\/159","targetHints":{"allow":["GET"]}}],"collection":[{"href":"https:\/\/karyno.ro\/index.php\/wp-json\/wp\/v2\/pages"}],"about":[{"href":"https:\/\/karyno.ro\/index.php\/wp-json\/wp\/v2\/types\/page"}],"author":[{"embeddable":true,"href":"https:\/\/karyno.ro\/index.php\/wp-json\/wp\/v2\/users\/1"}],"replies":[{"embeddable":true,"href":"https:\/\/karyno.ro\/index.php\/wp-json\/wp\/v2\/comments?post=159"}],"version-history":[{"count":1,"href":"https:\/\/karyno.ro\/index.php\/wp-json\/wp\/v2\/pages\/159\/revisions"}],"predecessor-version":[{"id":160,"href":"https:\/\/karyno.ro\/index.php\/wp-json\/wp\/v2\/pages\/159\/revisions\/160"}],"wp:attachment":[{"href":"https:\/\/karyno.ro\/index.php\/wp-json\/wp\/v2\/media?parent=159"}],"curies":[{"name":"wp","href":"https:\/\/api.w.org\/{rel}","templated":true}]}}